{"id":459,"date":"2020-10-14T19:52:13","date_gmt":"2020-10-14T19:52:13","guid":{"rendered":"https:\/\/expert-themes.com\/newwp\/sanat\/?page_id=459"},"modified":"2024-03-04T16:40:20","modified_gmt":"2024-03-04T16:40:20","slug":"contact-us","status":"publish","type":"page","link":"https:\/\/granom.hr\/web\/?page_id=459","title":{"rendered":"Kontakt"},"content":{"rendered":"\t\t<div data-elementor-type=\"wp-page\" data-elementor-id=\"459\" class=\"elementor elementor-459\">\n\t\t\t\t\t\t<section class=\"elementor-section elementor-top-section elementor-element elementor-element-6b65d7e elementor-section-full_width elementor-section-height-default elementor-section-height-default\" data-id=\"6b65d7e\" data-element_type=\"section\" data-e-type=\"section\">\n\t\t\t\t\t\t<div class=\"elementor-container elementor-column-gap-default\">\n\t\t\t\t\t<div class=\"elementor-column elementor-col-100 elementor-top-column elementor-element elementor-element-391e963\" data-id=\"391e963\" data-element_type=\"column\" data-e-type=\"column\">\n\t\t\t<div class=\"elementor-widget-wrap elementor-element-populated\">\n\t\t\t\t\t\t<div class=\"elementor-element elementor-element-7b0b1b7 elementor-widget elementor-widget-sanat_contact_us\" data-id=\"7b0b1b7\" data-element_type=\"widget\" data-e-type=\"widget\" data-settings=\"{&quot;sanat_layout_margin&quot;:{&quot;unit&quot;:&quot;px&quot;,&quot;top&quot;:&quot;&quot;,&quot;right&quot;:&quot;&quot;,&quot;bottom&quot;:&quot;&quot;,&quot;left&quot;:&quot;&quot;,&quot;isLinked&quot;:true},&quot;sanat_layout_margin_tablet&quot;:{&quot;unit&quot;:&quot;px&quot;,&quot;top&quot;:&quot;&quot;,&quot;right&quot;:&quot;&quot;,&quot;bottom&quot;:&quot;&quot;,&quot;left&quot;:&quot;&quot;,&quot;isLinked&quot;:true},&quot;sanat_layout_margin_mobile&quot;:{&quot;unit&quot;:&quot;px&quot;,&quot;top&quot;:&quot;&quot;,&quot;right&quot;:&quot;&quot;,&quot;bottom&quot;:&quot;&quot;,&quot;left&quot;:&quot;&quot;,&quot;isLinked&quot;:true},&quot;sanat_layout_padding&quot;:{&quot;unit&quot;:&quot;px&quot;,&quot;top&quot;:&quot;&quot;,&quot;right&quot;:&quot;&quot;,&quot;bottom&quot;:&quot;&quot;,&quot;left&quot;:&quot;&quot;,&quot;isLinked&quot;:true},&quot;sanat_layout_padding_tablet&quot;:{&quot;unit&quot;:&quot;px&quot;,&quot;top&quot;:&quot;&quot;,&quot;right&quot;:&quot;&quot;,&quot;bottom&quot;:&quot;&quot;,&quot;left&quot;:&quot;&quot;,&quot;isLinked&quot;:true},&quot;sanat_layout_padding_mobile&quot;:{&quot;unit&quot;:&quot;px&quot;,&quot;top&quot;:&quot;&quot;,&quot;right&quot;:&quot;&quot;,&quot;bottom&quot;:&quot;&quot;,&quot;left&quot;:&quot;&quot;,&quot;isLinked&quot;:true}}\" data-widget_type=\"sanat_contact_us.default\">\n\t\t\t\t<div class=\"elementor-widget-container\">\n\t\t\t\t\t\t\t\r\n        <!--Contact Info Section-->\r\n        <section class=\"contact-info-section\" id=\"contact\">\r\n            <div class=\"auto-container\">\r\n                <div class=\"row clearfix\">\r\n                    \r\n                    <!--Info Column-->\r\n                    <div class=\"info-column col-md-4 col-sm-12 col-xs-12\">\r\n                        <div class=\"inner-column\">\r\n                                                        <div class=\"logo\">\r\n                                <a href=\"https:\/\/granom.hr\/web\/\"><img decoding=\"async\" src=\"https:\/\/granom.hr\/web\/wp-content\/uploads\/2024\/01\/Logo_170_90.png\" alt=\"Awesome Image\" \/><\/a>\r\n                            <\/div>\r\n                                                        <div class=\"text\">Preko 35 godina stru\u010dnosti i iskustva u slo\u017eenim rje\u0161enjima proizvodnje, graditeljstva i turizma.<\/div>                            <!--List Style Three-->\r\n                            <ul class=\"list-style-three\">\r\n                                                                <li><span class=\"icon icon flaticon-telephone\"><\/span><strong>+385 42 612 774<\/strong>+385 98 267 065<\/li>\r\n                                                                <li><span class=\"icon icon flaticon-note\"><\/span><strong>granom@granom.hr<\/strong>odgovaramo unutar 24 sata<\/li>\r\n                                                                <li><span class=\"icon fa fa-map-marker\"><\/span>Mirka Ra\u010dkog 5, <br> HR - 42220 Novi Marof<\/li>\r\n                                                            <\/ul>\r\n                        <\/div>\r\n                    <\/div>\r\n                                        <!--Form Column-->\r\n                    <div class=\"form-column col-md-8 col-sm-12 col-xs-12\">\r\n                        <div class=\"inner-column\">\r\n                                                        <div class=\"sec-title\">\r\n                                <h2>Kontaktirajte nas<\/h2>\r\n                                <div class=\"separater\"><\/div>\r\n                            <\/div>\r\n                                                                                    <!-- Default Form -->\r\n                            <div class=\"default-form\">\r\n                                \n<div class=\"wpcf7 no-js\" id=\"wpcf7-f265-o1\" lang=\"en-US\" dir=\"ltr\" data-wpcf7-id=\"265\">\n<div class=\"screen-reader-response\"><p role=\"status\" aria-live=\"polite\" aria-atomic=\"true\"><\/p> <ul><\/ul><\/div>\n<form action=\"\/web\/index.php?rest_route=%2Fwp%2Fv2%2Fpages%2F459#wpcf7-f265-o1\" method=\"post\" class=\"wpcf7-form init\" aria-label=\"Contact form\" novalidate=\"novalidate\" data-status=\"init\">\n<fieldset class=\"hidden-fields-container\"><input type=\"hidden\" name=\"_wpcf7\" value=\"265\" \/><input type=\"hidden\" name=\"_wpcf7_version\" value=\"6.1.5\" \/><input type=\"hidden\" name=\"_wpcf7_locale\" value=\"en_US\" \/><input type=\"hidden\" name=\"_wpcf7_unit_tag\" value=\"wpcf7-f265-o1\" \/><input type=\"hidden\" name=\"_wpcf7_container_post\" value=\"0\" \/><input type=\"hidden\" name=\"_wpcf7_posted_data_hash\" value=\"\" \/>\n<\/fieldset>\n<div class=\"row clearfix\">\n\t<div class=\"col-md-6 col-sm-6 col-xs-12 form-group\">\n\t\t<p><span class=\"wpcf7-form-control-wrap\" data-name=\"text-884\"><input size=\"40\" maxlength=\"400\" class=\"wpcf7-form-control wpcf7-text wpcf7-validates-as-required\" aria-required=\"true\" aria-invalid=\"false\" placeholder=\"Unesite ime\" value=\"\" type=\"text\" name=\"text-884\" \/><\/span>\n\t\t<\/p>\n\t<\/div>\n\t<div class=\"col-md-6 col-sm-6 col-xs-12 form-group\">\n\t\t<p><span class=\"wpcf7-form-control-wrap\" data-name=\"email-129\"><input size=\"40\" maxlength=\"400\" class=\"wpcf7-form-control wpcf7-email wpcf7-validates-as-required wpcf7-text wpcf7-validates-as-email\" aria-required=\"true\" aria-invalid=\"false\" placeholder=\"Unesite e-mail adresu\" value=\"\" type=\"email\" name=\"email-129\" \/><\/span>\n\t\t<\/p>\n\t<\/div>\n\t<div class=\"col-md-6 col-sm-6 col-xs-12 form-group\">\n\t\t<p><span class=\"wpcf7-form-control-wrap\" data-name=\"text-885\"><input size=\"40\" maxlength=\"400\" class=\"wpcf7-form-control wpcf7-text\" aria-invalid=\"false\" placeholder=\"Unesite naslov\" value=\"\" type=\"text\" name=\"text-885\" \/><\/span>\n\t\t<\/p>\n\t<\/div>\n\t<div class=\"col-md-6 col-sm-6 col-xs-12 form-group\">\n\t\t<p><span class=\"wpcf7-form-control-wrap\" data-name=\"text-886\"><input size=\"40\" maxlength=\"400\" class=\"wpcf7-form-control wpcf7-text\" aria-invalid=\"false\" placeholder=\"Unesite kontakt telefon\" value=\"\" type=\"text\" name=\"text-886\" \/><\/span>\n\t\t<\/p>\n\t<\/div>\n\t<div class=\"col-lg-12 col-md-12 col-sm-12 col-xs-12 form-group\">\n\t\t<p><span class=\"wpcf7-form-control-wrap\" data-name=\"textarea-336\"><textarea cols=\"40\" rows=\"10\" maxlength=\"2000\" class=\"wpcf7-form-control wpcf7-textarea\" aria-invalid=\"false\" placeholder=\"Poruka\" name=\"textarea-336\"><\/textarea><\/span>\n\t\t<\/p>\n\t<\/div>\n\t<div class=\"col-lg-12 col-md-12 col-sm-12 col-xs-12 form-group\">\n\t\t<p><button class=\"theme-btn btn-style-one\" type=\"submit\" name=\"submit-form\">Po\u0161alji<\/button>\n\t\t<\/p>\n\t<\/div>\n<\/div><div class=\"wpcf7-response-output\" aria-hidden=\"true\"><\/div>\n<\/form>\n<\/div>\n                            <\/div>\r\n                                                        <!--End Default Form -->\r\n                        <\/div>\r\n                    <\/div>\r\n                                    <\/div>\r\n            <\/div>\r\n        <\/section>\r\n        <!--End Contact Info Section-->\r\n        \r\n\t\t\t\t\t\t<\/div>\n\t\t\t\t<\/div>\n\t\t\t\t\t<\/div>\n\t\t<\/div>\n\t\t\t\t\t<\/div>\n\t\t<\/section>\n\t\t\t\t<section class=\"elementor-section elementor-top-section elementor-element elementor-element-c1de475 elementor-section-full_width elementor-section-height-default elementor-section-height-default\" data-id=\"c1de475\" data-element_type=\"section\" data-e-type=\"section\">\n\t\t\t\t\t\t<div class=\"elementor-container elementor-column-gap-default\">\n\t\t\t\t\t<div class=\"elementor-column elementor-col-100 elementor-top-column elementor-element elementor-element-c79f4c9\" data-id=\"c79f4c9\" data-element_type=\"column\" data-e-type=\"column\">\n\t\t\t<div class=\"elementor-widget-wrap elementor-element-populated\">\n\t\t\t\t\t\t<div class=\"elementor-element elementor-element-68db807 elementor-widget elementor-widget-sanat_google_map\" data-id=\"68db807\" data-element_type=\"widget\" data-e-type=\"widget\" data-widget_type=\"sanat_google_map.default\">\n\t\t\t\t<div class=\"elementor-widget-container\">\n\t\t\t\t\t\t\t\r\n                \r\n        <!--Map Section-->\r\n        <section class=\"map-section style-two sanat-google-map-section\">\r\n            <div class=\"auto-container1\">\r\n                <!--Map Outer-->\r\n                <div class=\"map-outer\">\r\n                    <!--Map Canvas-->\r\n                    <iframe src=\"https:\/\/www.google.com\/maps\/embed?pb=!1m18!1m12!1m3!1d1381.5932344453947!2d16.331863565380427!3d46.16694370194122!2m3!1f0!2f0!3f0!3m2!1i1024!2i768!4f13.1!3m3!1m2!1s0x476606916601af2d%3A0x87bb1122a901541c!2sUl.%20Mirka%20Ra%C4%8Dkog%205%2C%2042220%2C%20Novi%20Marof!5e0!3m2!1shr!2shr!4v1706293206980!5m2!1shr!2shr\" allowfullscreen=\"\"><\/iframe>                <\/div>\r\n            <\/div>\r\n        <\/section>\r\n        <!--End Map Section-->\r\n        \r\n        \t\t\t\t<\/div>\n\t\t\t\t<\/div>\n\t\t\t\t\t<\/div>\n\t\t<\/div>\n\t\t\t\t\t<\/div>\n\t\t<\/section>\n\t\t\t\t<\/div>\n\t\t","protected":false},"excerpt":{"rendered":"<p>Preko 35 godina stru\u010dnosti i iskustva u slo\u017eenim rje\u0161enjima proizvodnje, graditeljstva i turizma. +385 42 612 774+385 98 267 065 granom@granom.hrodgovaramo unutar 24 sata Mirka Ra\u010dkog 5, HR &#8211; 42220 Novi Marof Kontaktirajte nas Po\u0161alji<\/p>\n","protected":false},"author":1,"featured_media":0,"parent":0,"menu_order":0,"comment_status":"closed","ping_status":"closed","template":"tpl-default-elementor.php","meta":{"footnotes":""},"class_list":["post-459","page","type-page","status-publish","hentry"],"yoast_head":"<!-- This site is optimized with the Yoast SEO plugin v27.3 - https:\/\/yoast.com\/product\/yoast-seo-wordpress\/ -->\n<title>Kontakt - Granom d.o.o. - graditeljstvo \/ proizvodnja \/ turizam<\/title>\n<meta name=\"robots\" content=\"index, follow, max-snippet:-1, max-image-preview:large, max-video-preview:-1\" \/>\n<link rel=\"canonical\" href=\"https:\/\/granom.hr\/web\/?page_id=459\" \/>\n<meta property=\"og:locale\" content=\"hr_HR\" \/>\n<meta property=\"og:type\" content=\"article\" \/>\n<meta property=\"og:title\" content=\"Kontakt - Granom d.o.o. - graditeljstvo \/ proizvodnja \/ turizam\" \/>\n<meta property=\"og:description\" content=\"Preko 35 godina stru\u010dnosti i iskustva u slo\u017eenim rje\u0161enjima proizvodnje, graditeljstva i turizma. +385 42 612 774+385 98 267 065 granom@granom.hrodgovaramo unutar 24 sata Mirka Ra\u010dkog 5, HR &#8211; 42220 Novi Marof Kontaktirajte nas Po\u0161alji\" \/>\n<meta property=\"og:url\" content=\"https:\/\/granom.hr\/web\/?page_id=459\" \/>\n<meta property=\"og:site_name\" content=\"Granom d.o.o. - graditeljstvo \/ proizvodnja \/ turizam\" \/>\n<meta property=\"article:modified_time\" content=\"2024-03-04T16:40:20+00:00\" \/>\n<meta property=\"og:image\" content=\"https:\/\/granom.hr\/web\/wp-content\/uploads\/2024\/01\/Logo_170_90.png\" \/>\n<meta name=\"twitter:card\" content=\"summary_large_image\" \/>\n<meta name=\"twitter:label1\" content=\"Procijenjeno vrijeme \u010ditanja\" \/>\n\t<meta name=\"twitter:data1\" content=\"1 minuta\" \/>\n<script type=\"application\/ld+json\" class=\"yoast-schema-graph\">{\"@context\":\"https:\\\/\\\/schema.org\",\"@graph\":[{\"@type\":\"WebPage\",\"@id\":\"https:\\\/\\\/granom.hr\\\/web\\\/?page_id=459\",\"url\":\"https:\\\/\\\/granom.hr\\\/web\\\/?page_id=459\",\"name\":\"Kontakt - Granom d.o.o. - graditeljstvo \\\/ proizvodnja \\\/ turizam\",\"isPartOf\":{\"@id\":\"https:\\\/\\\/granom.hr\\\/web\\\/#website\"},\"primaryImageOfPage\":{\"@id\":\"https:\\\/\\\/granom.hr\\\/web\\\/?page_id=459#primaryimage\"},\"image\":{\"@id\":\"https:\\\/\\\/granom.hr\\\/web\\\/?page_id=459#primaryimage\"},\"thumbnailUrl\":\"https:\\\/\\\/granom.hr\\\/web\\\/wp-content\\\/uploads\\\/2024\\\/01\\\/Logo_170_90.png\",\"datePublished\":\"2020-10-14T19:52:13+00:00\",\"dateModified\":\"2024-03-04T16:40:20+00:00\",\"breadcrumb\":{\"@id\":\"https:\\\/\\\/granom.hr\\\/web\\\/?page_id=459#breadcrumb\"},\"inLanguage\":\"hr\",\"potentialAction\":[{\"@type\":\"ReadAction\",\"target\":[\"https:\\\/\\\/granom.hr\\\/web\\\/?page_id=459\"]}]},{\"@type\":\"ImageObject\",\"inLanguage\":\"hr\",\"@id\":\"https:\\\/\\\/granom.hr\\\/web\\\/?page_id=459#primaryimage\",\"url\":\"https:\\\/\\\/granom.hr\\\/web\\\/wp-content\\\/uploads\\\/2024\\\/01\\\/Logo_170_90.png\",\"contentUrl\":\"https:\\\/\\\/granom.hr\\\/web\\\/wp-content\\\/uploads\\\/2024\\\/01\\\/Logo_170_90.png\",\"width\":170,\"height\":90,\"caption\":\"Granom logo\"},{\"@type\":\"BreadcrumbList\",\"@id\":\"https:\\\/\\\/granom.hr\\\/web\\\/?page_id=459#breadcrumb\",\"itemListElement\":[{\"@type\":\"ListItem\",\"position\":1,\"name\":\"Po\u010detna stranica\",\"item\":\"https:\\\/\\\/granom.hr\\\/web\\\/\"},{\"@type\":\"ListItem\",\"position\":2,\"name\":\"Kontakt\"}]},{\"@type\":\"WebSite\",\"@id\":\"https:\\\/\\\/granom.hr\\\/web\\\/#website\",\"url\":\"https:\\\/\\\/granom.hr\\\/web\\\/\",\"name\":\"Granom d.o.o. - graditeljstvo \\\/ proizvodnja \\\/ turizam\",\"description\":\"\",\"publisher\":{\"@id\":\"https:\\\/\\\/granom.hr\\\/web\\\/#organization\"},\"potentialAction\":[{\"@type\":\"SearchAction\",\"target\":{\"@type\":\"EntryPoint\",\"urlTemplate\":\"https:\\\/\\\/granom.hr\\\/web\\\/?s={search_term_string}\"},\"query-input\":{\"@type\":\"PropertyValueSpecification\",\"valueRequired\":true,\"valueName\":\"search_term_string\"}}],\"inLanguage\":\"hr\"},{\"@type\":\"Organization\",\"@id\":\"https:\\\/\\\/granom.hr\\\/web\\\/#organization\",\"name\":\"Granom d.o.o. - graditeljstvo \\\/ proizvodnja \\\/ turizam\",\"url\":\"https:\\\/\\\/granom.hr\\\/web\\\/\",\"logo\":{\"@type\":\"ImageObject\",\"inLanguage\":\"hr\",\"@id\":\"https:\\\/\\\/granom.hr\\\/web\\\/#\\\/schema\\\/logo\\\/image\\\/\",\"url\":\"https:\\\/\\\/granom.hr\\\/web\\\/wp-content\\\/uploads\\\/2024\\\/01\\\/Logo_170_90.png\",\"contentUrl\":\"https:\\\/\\\/granom.hr\\\/web\\\/wp-content\\\/uploads\\\/2024\\\/01\\\/Logo_170_90.png\",\"width\":170,\"height\":90,\"caption\":\"Granom d.o.o. - graditeljstvo \\\/ proizvodnja \\\/ turizam\"},\"image\":{\"@id\":\"https:\\\/\\\/granom.hr\\\/web\\\/#\\\/schema\\\/logo\\\/image\\\/\"}}]}<\/script>\n<!-- \/ Yoast SEO plugin. -->","yoast_head_json":{"title":"Kontakt - Granom d.o.o. - graditeljstvo \/ proizvodnja \/ turizam","robots":{"index":"index","follow":"follow","max-snippet":"max-snippet:-1","max-image-preview":"max-image-preview:large","max-video-preview":"max-video-preview:-1"},"canonical":"https:\/\/granom.hr\/web\/?page_id=459","og_locale":"hr_HR","og_type":"article","og_title":"Kontakt - Granom d.o.o. - graditeljstvo \/ proizvodnja \/ turizam","og_description":"Preko 35 godina stru\u010dnosti i iskustva u slo\u017eenim rje\u0161enjima proizvodnje, graditeljstva i turizma. +385 42 612 774+385 98 267 065 granom@granom.hrodgovaramo unutar 24 sata Mirka Ra\u010dkog 5, HR &#8211; 42220 Novi Marof Kontaktirajte nas Po\u0161alji","og_url":"https:\/\/granom.hr\/web\/?page_id=459","og_site_name":"Granom d.o.o. - graditeljstvo \/ proizvodnja \/ turizam","article_modified_time":"2024-03-04T16:40:20+00:00","og_image":[{"url":"https:\/\/granom.hr\/web\/wp-content\/uploads\/2024\/01\/Logo_170_90.png","type":"","width":"","height":""}],"twitter_card":"summary_large_image","twitter_misc":{"Procijenjeno vrijeme \u010ditanja":"1 minuta"},"schema":{"@context":"https:\/\/schema.org","@graph":[{"@type":"WebPage","@id":"https:\/\/granom.hr\/web\/?page_id=459","url":"https:\/\/granom.hr\/web\/?page_id=459","name":"Kontakt - Granom d.o.o. - graditeljstvo \/ proizvodnja \/ turizam","isPartOf":{"@id":"https:\/\/granom.hr\/web\/#website"},"primaryImageOfPage":{"@id":"https:\/\/granom.hr\/web\/?page_id=459#primaryimage"},"image":{"@id":"https:\/\/granom.hr\/web\/?page_id=459#primaryimage"},"thumbnailUrl":"https:\/\/granom.hr\/web\/wp-content\/uploads\/2024\/01\/Logo_170_90.png","datePublished":"2020-10-14T19:52:13+00:00","dateModified":"2024-03-04T16:40:20+00:00","breadcrumb":{"@id":"https:\/\/granom.hr\/web\/?page_id=459#breadcrumb"},"inLanguage":"hr","potentialAction":[{"@type":"ReadAction","target":["https:\/\/granom.hr\/web\/?page_id=459"]}]},{"@type":"ImageObject","inLanguage":"hr","@id":"https:\/\/granom.hr\/web\/?page_id=459#primaryimage","url":"https:\/\/granom.hr\/web\/wp-content\/uploads\/2024\/01\/Logo_170_90.png","contentUrl":"https:\/\/granom.hr\/web\/wp-content\/uploads\/2024\/01\/Logo_170_90.png","width":170,"height":90,"caption":"Granom logo"},{"@type":"BreadcrumbList","@id":"https:\/\/granom.hr\/web\/?page_id=459#breadcrumb","itemListElement":[{"@type":"ListItem","position":1,"name":"Po\u010detna stranica","item":"https:\/\/granom.hr\/web\/"},{"@type":"ListItem","position":2,"name":"Kontakt"}]},{"@type":"WebSite","@id":"https:\/\/granom.hr\/web\/#website","url":"https:\/\/granom.hr\/web\/","name":"Granom d.o.o. - graditeljstvo \/ proizvodnja \/ turizam","description":"","publisher":{"@id":"https:\/\/granom.hr\/web\/#organization"},"potentialAction":[{"@type":"SearchAction","target":{"@type":"EntryPoint","urlTemplate":"https:\/\/granom.hr\/web\/?s={search_term_string}"},"query-input":{"@type":"PropertyValueSpecification","valueRequired":true,"valueName":"search_term_string"}}],"inLanguage":"hr"},{"@type":"Organization","@id":"https:\/\/granom.hr\/web\/#organization","name":"Granom d.o.o. - graditeljstvo \/ proizvodnja \/ turizam","url":"https:\/\/granom.hr\/web\/","logo":{"@type":"ImageObject","inLanguage":"hr","@id":"https:\/\/granom.hr\/web\/#\/schema\/logo\/image\/","url":"https:\/\/granom.hr\/web\/wp-content\/uploads\/2024\/01\/Logo_170_90.png","contentUrl":"https:\/\/granom.hr\/web\/wp-content\/uploads\/2024\/01\/Logo_170_90.png","width":170,"height":90,"caption":"Granom d.o.o. - graditeljstvo \/ proizvodnja \/ turizam"},"image":{"@id":"https:\/\/granom.hr\/web\/#\/schema\/logo\/image\/"}}]}},"_links":{"self":[{"href":"https:\/\/granom.hr\/web\/index.php?rest_route=\/wp\/v2\/pages\/459","targetHints":{"allow":["GET"]}}],"collection":[{"href":"https:\/\/granom.hr\/web\/index.php?rest_route=\/wp\/v2\/pages"}],"about":[{"href":"https:\/\/granom.hr\/web\/index.php?rest_route=\/wp\/v2\/types\/page"}],"author":[{"embeddable":true,"href":"https:\/\/granom.hr\/web\/index.php?rest_route=\/wp\/v2\/users\/1"}],"replies":[{"embeddable":true,"href":"https:\/\/granom.hr\/web\/index.php?rest_route=%2Fwp%2Fv2%2Fcomments&post=459"}],"version-history":[{"count":17,"href":"https:\/\/granom.hr\/web\/index.php?rest_route=\/wp\/v2\/pages\/459\/revisions"}],"predecessor-version":[{"id":1523,"href":"https:\/\/granom.hr\/web\/index.php?rest_route=\/wp\/v2\/pages\/459\/revisions\/1523"}],"wp:attachment":[{"href":"https:\/\/granom.hr\/web\/index.php?rest_route=%2Fwp%2Fv2%2Fmedia&parent=459"}],"curies":[{"name":"wp","href":"https:\/\/api.w.org\/{rel}","templated":true}]}}